{"id":8005,"date":"2021-12-22T17:06:33","date_gmt":"2021-12-22T14:06:33","guid":{"rendered":"https:\/\/www.reotouchclinic.com\/docteurs-copy\/"},"modified":"2022-06-17T17:37:28","modified_gmt":"2022-06-17T14:37:28","slug":"our-team","status":"publish","type":"page","link":"https:\/\/www.estelity.com\/fr\/our-team\/","title":{"rendered":"Notre \u00e9quipe"},"content":{"rendered":"<div data-elementor-type=\"wp-page\" data-elementor-id=\"8005\" class=\"elementor elementor-8005\">\n\t\t\t\t\t\t<section class=\"elementor-section elementor-top-section elementor-element elementor-element-4663594 elementor-section-boxed elementor-section-height-default elementor-section-height-default\" data-id=\"4663594\" data-element_type=\"section\" data-settings=\"{&quot;ekit_has_onepagescroll_dot&quot;:&quot;yes&quot;}\">\n\t\t\t\t\t\t<div class=\"elementor-container elementor-column-gap-default\">\n\t\t\t\t\t<div class=\"elementor-column elementor-col-100 elementor-top-column elementor-element elementor-element-f7964ac\" data-id=\"f7964ac\" data-element_type=\"column\">\n\t\t\t<div class=\"elementor-widget-wrap elementor-element-populated\">\n\t\t\t\t\t\t<div class=\"elementor-element elementor-element-64a510a elementor-widget elementor-widget-medizco-doctors\" data-id=\"64a510a\" data-element_type=\"widget\" data-settings=\"{&quot;ekit_we_effect_on&quot;:&quot;none&quot;}\" data-widget_type=\"medizco-doctors.default\">\n\t\t\t\t<div class=\"elementor-widget-container\">\n\t\t\t\t\t\n        <div class=\"medizco_doctors medizco_doctors_filter\" data-rtl=\"\">\n                <ul class=\"filter_nav d-flex flex-wrap justify-content-center\">\n                    <li class=\"filter active\" data-filter=\".all-departments\">All Departments<\/li>\n                        <li class=\"filter\" data-filter=\".dentist\">Dentist<\/li>\n                        <li class=\"filter\" data-filter=\".hair-transplant\">Greffe de Cheveux<\/li>\n                        <li class=\"filter\" data-filter=\".obesity-and-diabetes-surgery\">Obesity and Diabetes Surgery<\/li>\n                        <li class=\"filter\" data-filter=\".plastic-surgery\">Plastic Surgery<\/li>\n                <\/ul>\n<div class=\"filter_items row\"><div class=\"filter_item mix col-lg-3 col-md-6 col-sm-12 all-departments obesity-and-diabetes-surgery\">\n<div class=\"doctor_box\">\n    <div class=\"doctor_box_img\">\n        <img fetchpriority=\"high\" decoding=\"async\" width=\"460\" height=\"540\" src=\"https:\/\/www.estelity.com\/wp-content\/uploads\/2023\/02\/erolvural.jpg\" class=\"attachment-medium_large size-medium_large wp-post-image\" alt=\"\" srcset=\"https:\/\/www.estelity.com\/wp-content\/uploads\/2023\/02\/erolvural.jpg 460w, https:\/\/www.estelity.com\/wp-content\/uploads\/2023\/02\/erolvural-256x300.jpg 256w\" sizes=\"(max-width: 460px) 100vw, 460px\" \/>            <\/div>\n\n    <!--     string(0) \"\"\n     -->\n\n        \n\n    <div class=\"doctor_box_content\">\n        <h3 class=\"doctor_box_title\">Dr. Erol Vural<\/h3>\n\n            <\/div>\n\n    <a href=\"https:\/\/www.estelity.com\/fr\/doctor\/dr-erol-vural-eng\/\" class=\"doctor_box_link\"><\/a>\n<\/div>\n<\/div><div class=\"filter_item mix col-lg-3 col-md-6 col-sm-12 all-departments plastic-surgery\">\n<div class=\"doctor_box\">\n    <div class=\"doctor_box_img\">\n        <img decoding=\"async\" width=\"460\" height=\"537\" src=\"https:\/\/www.estelity.com\/wp-content\/uploads\/2019\/09\/dr.mustafa-aydinol.jpg\" class=\"attachment-medium_large size-medium_large wp-post-image\" alt=\"\" srcset=\"https:\/\/www.estelity.com\/wp-content\/uploads\/2019\/09\/dr.mustafa-aydinol.jpg 460w, https:\/\/www.estelity.com\/wp-content\/uploads\/2019\/09\/dr.mustafa-aydinol-257x300.jpg 257w\" sizes=\"(max-width: 460px) 100vw, 460px\" \/>            <\/div>\n\n    <!--     string(0) \"\"\n     -->\n\n        \n\n    <div class=\"doctor_box_content\">\n        <h3 class=\"doctor_box_title\">Dr Mustafa Ayd\u0131nol<\/h3>\n\n            <\/div>\n\n    <a href=\"https:\/\/www.estelity.com\/fr\/doctor\/dr-mustafa-aydinol\/\" class=\"doctor_box_link\"><\/a>\n<\/div>\n<\/div><div class=\"filter_item mix col-lg-3 col-md-6 col-sm-12 all-departments obesity-and-diabetes-surgery\">\n<div class=\"doctor_box\">\n    <div class=\"doctor_box_img\">\n        <img fetchpriority=\"high\" decoding=\"async\" width=\"460\" height=\"540\" src=\"https:\/\/www.estelity.com\/wp-content\/uploads\/2023\/02\/erolvural.jpg\" class=\"attachment-medium_large size-medium_large wp-post-image\" alt=\"\" srcset=\"https:\/\/www.estelity.com\/wp-content\/uploads\/2023\/02\/erolvural.jpg 460w, https:\/\/www.estelity.com\/wp-content\/uploads\/2023\/02\/erolvural-256x300.jpg 256w\" sizes=\"(max-width: 460px) 100vw, 460px\" \/>            <\/div>\n\n    <!--     string(0) \"\"\n     -->\n\n        \n\n    <div class=\"doctor_box_content\">\n        <h3 class=\"doctor_box_title\">Dr. Erol Vural<\/h3>\n\n            <\/div>\n\n    <a href=\"https:\/\/www.estelity.com\/fr\/doctor\/dr-erol-vural\/\" class=\"doctor_box_link\"><\/a>\n<\/div>\n<\/div><div class=\"filter_item mix col-lg-3 col-md-6 col-sm-12\">\n<div class=\"doctor_box\">\n    <div class=\"doctor_box_img\">\n        <img decoding=\"async\" width=\"460\" height=\"540\" src=\"https:\/\/www.estelity.com\/wp-content\/uploads\/2023\/02\/dr-ahmet-havva.jpg\" class=\"attachment-medium_large size-medium_large wp-post-image\" alt=\"\" srcset=\"https:\/\/www.estelity.com\/wp-content\/uploads\/2023\/02\/dr-ahmet-havva.jpg 460w, https:\/\/www.estelity.com\/wp-content\/uploads\/2023\/02\/dr-ahmet-havva-256x300.jpg 256w\" sizes=\"(max-width: 460px) 100vw, 460px\" \/>            <\/div>\n\n    <!--     string(0) \"\"\n     -->\n\n        \n\n    <div class=\"doctor_box_content\">\n        <h3 class=\"doctor_box_title\">Dr. Ahmet Havva<\/h3>\n\n            <\/div>\n\n    <a href=\"https:\/\/www.estelity.com\/fr\/doctor\/dr-ahmet-havva-en\/\" class=\"doctor_box_link\"><\/a>\n<\/div>\n<\/div><div class=\"filter_item mix col-lg-3 col-md-6 col-sm-12 all-departments dentist\">\n<div class=\"doctor_box\">\n    <div class=\"doctor_box_img\">\n        <img decoding=\"async\" width=\"460\" height=\"540\" src=\"https:\/\/www.estelity.com\/wp-content\/uploads\/2023\/02\/dr-ahmet-havva.jpg\" class=\"attachment-medium_large size-medium_large wp-post-image\" alt=\"\" srcset=\"https:\/\/www.estelity.com\/wp-content\/uploads\/2023\/02\/dr-ahmet-havva.jpg 460w, https:\/\/www.estelity.com\/wp-content\/uploads\/2023\/02\/dr-ahmet-havva-256x300.jpg 256w\" sizes=\"(max-width: 460px) 100vw, 460px\" \/>            <\/div>\n\n    <!--     string(0) \"\"\n     -->\n\n        \n\n    <div class=\"doctor_box_content\">\n        <h3 class=\"doctor_box_title\">Dr. Ahmet Havva<\/h3>\n\n            <\/div>\n\n    <a href=\"https:\/\/www.estelity.com\/fr\/doctor\/dr-ahmet-havva\/\" class=\"doctor_box_link\"><\/a>\n<\/div>\n<\/div><div class=\"filter_item mix col-lg-3 col-md-6 col-sm-12 all-departments plastic-surgery\">\n<div class=\"doctor_box\">\n    <div class=\"doctor_box_img\">\n        <img loading=\"lazy\" decoding=\"async\" width=\"460\" height=\"540\" src=\"https:\/\/www.estelity.com\/wp-content\/uploads\/2023\/02\/besironer.jpeg\" class=\"attachment-medium_large size-medium_large wp-post-image\" alt=\"\" srcset=\"https:\/\/www.estelity.com\/wp-content\/uploads\/2023\/02\/besironer.jpeg 460w, https:\/\/www.estelity.com\/wp-content\/uploads\/2023\/02\/besironer-256x300.jpeg 256w\" sizes=\"(max-width: 460px) 100vw, 460px\" \/>            <\/div>\n\n    <!--     string(0) \"\"\n     -->\n\n        \n\n    <div class=\"doctor_box_content\">\n        <h3 class=\"doctor_box_title\">Dr. Be\u015fir \u00d6ner<\/h3>\n\n            <\/div>\n\n    <a href=\"https:\/\/www.estelity.com\/fr\/doctor\/dr-besir-oner\/\" class=\"doctor_box_link\"><\/a>\n<\/div>\n<\/div><div class=\"filter_item mix col-lg-3 col-md-6 col-sm-12 all-departments plastic-surgery\">\n<div class=\"doctor_box\">\n    <div class=\"doctor_box_img\">\n        <img loading=\"lazy\" decoding=\"async\" width=\"460\" height=\"540\" src=\"https:\/\/www.estelity.com\/wp-content\/uploads\/2023\/02\/besironer.jpeg\" class=\"attachment-medium_large size-medium_large wp-post-image\" alt=\"\" srcset=\"https:\/\/www.estelity.com\/wp-content\/uploads\/2023\/02\/besironer.jpeg 460w, https:\/\/www.estelity.com\/wp-content\/uploads\/2023\/02\/besironer-256x300.jpeg 256w\" sizes=\"(max-width: 460px) 100vw, 460px\" \/>            <\/div>\n\n    <!--     string(0) \"\"\n     -->\n\n        \n\n    <div class=\"doctor_box_content\">\n        <h3 class=\"doctor_box_title\">Dr. Be\u015fir \u00d6ner<\/h3>\n\n            <\/div>\n\n    <a href=\"https:\/\/www.estelity.com\/fr\/doctor\/besir-oner\/\" class=\"doctor_box_link\"><\/a>\n<\/div>\n<\/div><div class=\"filter_item mix col-lg-3 col-md-6 col-sm-12 all-departments hair-transplant\">\n<div class=\"doctor_box\">\n    <div class=\"doctor_box_img\">\n        <img loading=\"lazy\" decoding=\"async\" width=\"460\" height=\"540\" src=\"https:\/\/www.estelity.com\/wp-content\/uploads\/2022\/06\/ersoy-.webp\" class=\"attachment-medium_large size-medium_large wp-post-image\" alt=\"\" srcset=\"https:\/\/www.estelity.com\/wp-content\/uploads\/2022\/06\/ersoy-.webp 460w, https:\/\/www.estelity.com\/wp-content\/uploads\/2022\/06\/ersoy--256x300.webp 256w\" sizes=\"(max-width: 460px) 100vw, 460px\" \/>            <\/div>\n\n    <!--     string(0) \"\"\n     -->\n\n        \n\n    <div class=\"doctor_box_content\">\n        <h3 class=\"doctor_box_title\">Ersoy \u00d6zt\u00fcrk<\/h3>\n\n            <\/div>\n\n    <a href=\"https:\/\/www.estelity.com\/fr\/doctor\/ersoy-ozturk-en\/\" class=\"doctor_box_link\"><\/a>\n<\/div>\n<\/div><div class=\"filter_item mix col-lg-3 col-md-6 col-sm-12 all-departments hair-transplant\">\n<div class=\"doctor_box\">\n    <div class=\"doctor_box_img\">\n        <img loading=\"lazy\" decoding=\"async\" width=\"460\" height=\"540\" src=\"https:\/\/www.estelity.com\/wp-content\/uploads\/2022\/06\/ersoy-.webp\" class=\"attachment-medium_large size-medium_large wp-post-image\" alt=\"\" srcset=\"https:\/\/www.estelity.com\/wp-content\/uploads\/2022\/06\/ersoy-.webp 460w, https:\/\/www.estelity.com\/wp-content\/uploads\/2022\/06\/ersoy--256x300.webp 256w\" sizes=\"(max-width: 460px) 100vw, 460px\" \/>            <\/div>\n\n    <!--     string(0) \"\"\n     -->\n\n        \n\n    <div class=\"doctor_box_content\">\n        <h3 class=\"doctor_box_title\">Ersoy \u00d6zt\u00fcrk<\/h3>\n\n            <\/div>\n\n    <a href=\"https:\/\/www.estelity.com\/fr\/doctor\/ersoy-ozturk\/\" class=\"doctor_box_link\"><\/a>\n<\/div>\n<\/div><div class=\"filter_item mix col-lg-3 col-md-6 col-sm-12 all-departments plastic-surgery\">\n<div class=\"doctor_box\">\n    <div class=\"doctor_box_img\">\n        <img loading=\"lazy\" decoding=\"async\" width=\"460\" height=\"537\" src=\"https:\/\/www.estelity.com\/wp-content\/uploads\/2022\/03\/dr-ergin-er-reo-touch-1.webp\" class=\"attachment-medium_large size-medium_large wp-post-image\" alt=\"\" srcset=\"https:\/\/www.estelity.com\/wp-content\/uploads\/2022\/03\/dr-ergin-er-reo-touch-1.webp 460w, https:\/\/www.estelity.com\/wp-content\/uploads\/2022\/03\/dr-ergin-er-reo-touch-1-257x300.webp 257w\" sizes=\"(max-width: 460px) 100vw, 460px\" \/>            <\/div>\n\n    <!--     string(0) \"\"\n     -->\n\n        \n\n    <div class=\"doctor_box_content\">\n        <h3 class=\"doctor_box_title\">Dr Ergin Er<\/h3>\n\n            <\/div>\n\n    <a href=\"https:\/\/www.estelity.com\/fr\/doctor\/dr-ergin-er-sobre\/\" class=\"doctor_box_link\"><\/a>\n<\/div>\n<\/div><div class=\"filter_item mix col-lg-3 col-md-6 col-sm-12 all-departments plastic-surgery\">\n<div class=\"doctor_box\">\n    <div class=\"doctor_box_img\">\n        <img loading=\"lazy\" decoding=\"async\" width=\"460\" height=\"537\" src=\"https:\/\/www.estelity.com\/wp-content\/uploads\/2022\/03\/dr-ergin-er-reo-touch-1.webp\" class=\"attachment-medium_large size-medium_large wp-post-image\" alt=\"\" srcset=\"https:\/\/www.estelity.com\/wp-content\/uploads\/2022\/03\/dr-ergin-er-reo-touch-1.webp 460w, https:\/\/www.estelity.com\/wp-content\/uploads\/2022\/03\/dr-ergin-er-reo-touch-1-257x300.webp 257w\" sizes=\"(max-width: 460px) 100vw, 460px\" \/>            <\/div>\n\n    <!--     string(0) \"\"\n     -->\n\n        \n\n    <div class=\"doctor_box_content\">\n        <h3 class=\"doctor_box_title\">Dr Ergin Er<\/h3>\n\n            <\/div>\n\n    <a href=\"https:\/\/www.estelity.com\/fr\/doctor\/dr-ergin-er-about\/\" class=\"doctor_box_link\"><\/a>\n<\/div>\n<\/div><div class=\"filter_item mix col-lg-3 col-md-6 col-sm-12 all-departments plastic-surgery\">\n<div class=\"doctor_box\">\n    <div class=\"doctor_box_img\">\n        <img loading=\"lazy\" decoding=\"async\" width=\"460\" height=\"537\" src=\"https:\/\/www.estelity.com\/wp-content\/uploads\/2022\/03\/dr-ergin-er-reo-touch-1.webp\" class=\"attachment-medium_large size-medium_large wp-post-image\" alt=\"\" srcset=\"https:\/\/www.estelity.com\/wp-content\/uploads\/2022\/03\/dr-ergin-er-reo-touch-1.webp 460w, https:\/\/www.estelity.com\/wp-content\/uploads\/2022\/03\/dr-ergin-er-reo-touch-1-257x300.webp 257w\" sizes=\"(max-width: 460px) 100vw, 460px\" \/>            <\/div>\n\n    <!--     string(0) \"\"\n     -->\n\n        \n\n    <div class=\"doctor_box_content\">\n        <h3 class=\"doctor_box_title\">Dr Ergin Er<\/h3>\n\n            <\/div>\n\n    <a href=\"https:\/\/www.estelity.com\/fr\/doctor\/dr-ergin-er\/\" class=\"doctor_box_link\"><\/a>\n<\/div>\n<\/div><\/div>        <\/div>\n        \t\t\t\t<\/div>\n\t\t\t\t<\/div>\n\t\t\t\t\t<\/div>\n\t\t<\/div>\n\t\t\t\t\t<\/div>\n\t\t<\/section>\n\t\t\t\t<\/div>","protected":false},"excerpt":{"rendered":"<p>All Departments Hair Transplant Medical Aesthetic Plastic Surgery Instagram Facebook YouTube Linkedin Mustafa Ayd\u0131nol Plastic Surgery Instagram Facebook YouTube Linkedin Nilg\u00fcn \u00d6zkahraman Medical Aesthetic Linkedin Facebook Twitter YouTube Ersoy \u00d6zt\u00fcrk Hair Transplant Linkedin Facebook Twitter YouTube R\u00fc\u015ft\u00fc Dalgal\u0131 Hair Transplant<\/p>","protected":false},"author":1,"featured_media":0,"parent":0,"menu_order":0,"comment_status":"closed","ping_status":"closed","template":"elementor_header_footer","meta":{"footnotes":""},"class_list":["post-8005","page","type-page","status-publish","hentry"],"yoast_head":"<!-- This site is optimized with the Yoast SEO plugin v26.1.1 - https:\/\/yoast.com\/wordpress\/plugins\/seo\/ -->\n<title>Our Team - Estelity Clinic<\/title>\n<meta name=\"robots\" content=\"index, follow, max-snippet:-1, max-image-preview:large, max-video-preview:-1\" \/>\n<link rel=\"canonical\" href=\"https:\/\/www.estelity.com\/fr\/our-team\/\" \/>\n<meta property=\"og:locale\" content=\"fr_FR\" \/>\n<meta property=\"og:type\" content=\"article\" \/>\n<meta property=\"og:title\" content=\"Our Team - Estelity Clinic\" \/>\n<meta property=\"og:description\" content=\"All Departments Hair Transplant Medical Aesthetic Plastic Surgery Instagram Facebook YouTube Linkedin Mustafa Ayd\u0131nol Plastic Surgery Instagram Facebook YouTube Linkedin Nilg\u00fcn \u00d6zkahraman Medical Aesthetic Linkedin Facebook Twitter YouTube Ersoy \u00d6zt\u00fcrk Hair Transplant Linkedin Facebook Twitter YouTube R\u00fc\u015ft\u00fc Dalgal\u0131 Hair Transplant\" \/>\n<meta property=\"og:url\" content=\"https:\/\/www.estelity.com\/fr\/our-team\/\" \/>\n<meta property=\"og:site_name\" content=\"Estelity Clinic\" \/>\n<meta property=\"article:publisher\" content=\"https:\/\/www.facebook.com\/estelityclinic\" \/>\n<meta property=\"article:modified_time\" content=\"2022-06-17T14:37:28+00:00\" \/>\n<meta property=\"og:image\" content=\"https:\/\/www.estelity.com\/wp-content\/uploads\/2019\/09\/dr.mustafa-aydinol.jpg\" \/>\n<meta name=\"twitter:card\" content=\"summary_large_image\" \/>\n<meta name=\"twitter:site\" content=\"@estelityclinic\" \/>\n<meta name=\"twitter:label1\" content=\"Dur\u00e9e de lecture estim\u00e9e\" \/>\n\t<meta name=\"twitter:data1\" content=\"2 minutes\" \/>\n<script type=\"application\/ld+json\" class=\"yoast-schema-graph\">{\"@context\":\"https:\/\/schema.org\",\"@graph\":[{\"@type\":\"WebPage\",\"@id\":\"https:\/\/www.estelity.com\/our-team\/\",\"url\":\"https:\/\/www.estelity.com\/our-team\/\",\"name\":\"Our Team - Estelity Clinic\",\"isPartOf\":{\"@id\":\"https:\/\/www.estelity.com\/ar\/#website\"},\"primaryImageOfPage\":{\"@id\":\"https:\/\/www.estelity.com\/our-team\/#primaryimage\"},\"image\":{\"@id\":\"https:\/\/www.estelity.com\/our-team\/#primaryimage\"},\"thumbnailUrl\":\"https:\/\/www.estelity.com\/wp-content\/uploads\/2019\/09\/dr.mustafa-aydinol.jpg\",\"datePublished\":\"2021-12-22T14:06:33+00:00\",\"dateModified\":\"2022-06-17T14:37:28+00:00\",\"breadcrumb\":{\"@id\":\"https:\/\/www.estelity.com\/our-team\/#breadcrumb\"},\"inLanguage\":\"fr-FR\",\"potentialAction\":[{\"@type\":\"ReadAction\",\"target\":[\"https:\/\/www.estelity.com\/our-team\/\"]}]},{\"@type\":\"ImageObject\",\"inLanguage\":\"fr-FR\",\"@id\":\"https:\/\/www.estelity.com\/our-team\/#primaryimage\",\"url\":\"https:\/\/www.estelity.com\/wp-content\/uploads\/2019\/09\/dr.mustafa-aydinol.jpg\",\"contentUrl\":\"https:\/\/www.estelity.com\/wp-content\/uploads\/2019\/09\/dr.mustafa-aydinol.jpg\"},{\"@type\":\"BreadcrumbList\",\"@id\":\"https:\/\/www.estelity.com\/our-team\/#breadcrumb\",\"itemListElement\":[{\"@type\":\"ListItem\",\"position\":1,\"name\":\"Home\",\"item\":\"https:\/\/www.estelity.com\/\"},{\"@type\":\"ListItem\",\"position\":2,\"name\":\"Our Team\"}]},{\"@type\":\"WebSite\",\"@id\":\"https:\/\/www.estelity.com\/ar\/#website\",\"url\":\"https:\/\/www.estelity.com\/ar\/\",\"name\":\"Estelity Clinic\",\"description\":\"Hair Transplant and Plastic Surgery\",\"publisher\":{\"@id\":\"https:\/\/www.estelity.com\/ar\/#organization\"},\"potentialAction\":[{\"@type\":\"SearchAction\",\"target\":{\"@type\":\"EntryPoint\",\"urlTemplate\":\"https:\/\/www.estelity.com\/ar\/?s={search_term_string}\"},\"query-input\":{\"@type\":\"PropertyValueSpecification\",\"valueRequired\":true,\"valueName\":\"search_term_string\"}}],\"inLanguage\":\"fr-FR\"},{\"@type\":\"Organization\",\"@id\":\"https:\/\/www.estelity.com\/ar\/#organization\",\"name\":\"Estelity Clinic\",\"url\":\"https:\/\/www.estelity.com\/ar\/\",\"logo\":{\"@type\":\"ImageObject\",\"inLanguage\":\"fr-FR\",\"@id\":\"https:\/\/www.estelity.com\/ar\/#\/schema\/logo\/image\/\",\"url\":\"https:\/\/www.estelity.com\/wp-content\/uploads\/2023\/01\/estelity_logo-scaled.webp\",\"contentUrl\":\"https:\/\/www.estelity.com\/wp-content\/uploads\/2023\/01\/estelity_logo-scaled.webp\",\"width\":2560,\"height\":521,\"caption\":\"Estelity Clinic\"},\"image\":{\"@id\":\"https:\/\/www.estelity.com\/ar\/#\/schema\/logo\/image\/\"},\"sameAs\":[\"https:\/\/www.facebook.com\/estelityclinic\",\"https:\/\/x.com\/estelityclinic\",\"https:\/\/www.instagram.com\/estelityclinic\/\",\"https:\/\/www.linkedin.com\/company\/estelityclinic\",\"https:\/\/www.youtube.com\/@estelityclinic\"]}]}<\/script>\n<!-- \/ Yoast SEO plugin. -->","yoast_head_json":{"title":"Our Team - Estelity Clinic","robots":{"index":"index","follow":"follow","max-snippet":"max-snippet:-1","max-image-preview":"max-image-preview:large","max-video-preview":"max-video-preview:-1"},"canonical":"https:\/\/www.estelity.com\/fr\/our-team\/","og_locale":"fr_FR","og_type":"article","og_title":"Our Team - Estelity Clinic","og_description":"All Departments Hair Transplant Medical Aesthetic Plastic Surgery Instagram Facebook YouTube Linkedin Mustafa Ayd\u0131nol Plastic Surgery Instagram Facebook YouTube Linkedin Nilg\u00fcn \u00d6zkahraman Medical Aesthetic Linkedin Facebook Twitter YouTube Ersoy \u00d6zt\u00fcrk Hair Transplant Linkedin Facebook Twitter YouTube R\u00fc\u015ft\u00fc Dalgal\u0131 Hair Transplant","og_url":"https:\/\/www.estelity.com\/fr\/our-team\/","og_site_name":"Estelity Clinic","article_publisher":"https:\/\/www.facebook.com\/estelityclinic","article_modified_time":"2022-06-17T14:37:28+00:00","og_image":[{"url":"https:\/\/www.estelity.com\/wp-content\/uploads\/2019\/09\/dr.mustafa-aydinol.jpg","type":"","width":"","height":""}],"twitter_card":"summary_large_image","twitter_site":"@estelityclinic","twitter_misc":{"Dur\u00e9e de lecture estim\u00e9e":"2 minutes"},"schema":{"@context":"https:\/\/schema.org","@graph":[{"@type":"WebPage","@id":"https:\/\/www.estelity.com\/our-team\/","url":"https:\/\/www.estelity.com\/our-team\/","name":"Our Team - Estelity Clinic","isPartOf":{"@id":"https:\/\/www.estelity.com\/ar\/#website"},"primaryImageOfPage":{"@id":"https:\/\/www.estelity.com\/our-team\/#primaryimage"},"image":{"@id":"https:\/\/www.estelity.com\/our-team\/#primaryimage"},"thumbnailUrl":"https:\/\/www.estelity.com\/wp-content\/uploads\/2019\/09\/dr.mustafa-aydinol.jpg","datePublished":"2021-12-22T14:06:33+00:00","dateModified":"2022-06-17T14:37:28+00:00","breadcrumb":{"@id":"https:\/\/www.estelity.com\/our-team\/#breadcrumb"},"inLanguage":"fr-FR","potentialAction":[{"@type":"ReadAction","target":["https:\/\/www.estelity.com\/our-team\/"]}]},{"@type":"ImageObject","inLanguage":"fr-FR","@id":"https:\/\/www.estelity.com\/our-team\/#primaryimage","url":"https:\/\/www.estelity.com\/wp-content\/uploads\/2019\/09\/dr.mustafa-aydinol.jpg","contentUrl":"https:\/\/www.estelity.com\/wp-content\/uploads\/2019\/09\/dr.mustafa-aydinol.jpg"},{"@type":"BreadcrumbList","@id":"https:\/\/www.estelity.com\/our-team\/#breadcrumb","itemListElement":[{"@type":"ListItem","position":1,"name":"Home","item":"https:\/\/www.estelity.com\/"},{"@type":"ListItem","position":2,"name":"Our Team"}]},{"@type":"WebSite","@id":"https:\/\/www.estelity.com\/ar\/#website","url":"https:\/\/www.estelity.com\/ar\/","name":"Estelity Clinic","description":"Hair Transplant and Plastic Surgery","publisher":{"@id":"https:\/\/www.estelity.com\/ar\/#organization"},"potentialAction":[{"@type":"SearchAction","target":{"@type":"EntryPoint","urlTemplate":"https:\/\/www.estelity.com\/ar\/?s={search_term_string}"},"query-input":{"@type":"PropertyValueSpecification","valueRequired":true,"valueName":"search_term_string"}}],"inLanguage":"fr-FR"},{"@type":"Organization","@id":"https:\/\/www.estelity.com\/ar\/#organization","name":"Estelity Clinic","url":"https:\/\/www.estelity.com\/ar\/","logo":{"@type":"ImageObject","inLanguage":"fr-FR","@id":"https:\/\/www.estelity.com\/ar\/#\/schema\/logo\/image\/","url":"https:\/\/www.estelity.com\/wp-content\/uploads\/2023\/01\/estelity_logo-scaled.webp","contentUrl":"https:\/\/www.estelity.com\/wp-content\/uploads\/2023\/01\/estelity_logo-scaled.webp","width":2560,"height":521,"caption":"Estelity Clinic"},"image":{"@id":"https:\/\/www.estelity.com\/ar\/#\/schema\/logo\/image\/"},"sameAs":["https:\/\/www.facebook.com\/estelityclinic","https:\/\/x.com\/estelityclinic","https:\/\/www.instagram.com\/estelityclinic\/","https:\/\/www.linkedin.com\/company\/estelityclinic","https:\/\/www.youtube.com\/@estelityclinic"]}]}},"_links":{"self":[{"href":"https:\/\/www.estelity.com\/fr\/wp-json\/wp\/v2\/pages\/8005","targetHints":{"allow":["GET"]}}],"collection":[{"href":"https:\/\/www.estelity.com\/fr\/wp-json\/wp\/v2\/pages"}],"about":[{"href":"https:\/\/www.estelity.com\/fr\/wp-json\/wp\/v2\/types\/page"}],"author":[{"embeddable":true,"href":"https:\/\/www.estelity.com\/fr\/wp-json\/wp\/v2\/users\/1"}],"replies":[{"embeddable":true,"href":"https:\/\/www.estelity.com\/fr\/wp-json\/wp\/v2\/comments?post=8005"}],"version-history":[{"count":0,"href":"https:\/\/www.estelity.com\/fr\/wp-json\/wp\/v2\/pages\/8005\/revisions"}],"wp:attachment":[{"href":"https:\/\/www.estelity.com\/fr\/wp-json\/wp\/v2\/media?parent=8005"}],"curies":[{"name":"wp","href":"https:\/\/api.w.org\/{rel}","templated":true}]}}